{"id":93,"date":"2024-01-17T10:08:29","date_gmt":"2024-01-17T10:08:29","guid":{"rendered":"https:\/\/skina.ro\/?page_id=93"},"modified":"2024-09-26T13:05:39","modified_gmt":"2024-09-26T13:05:39","slug":"blog","status":"publish","type":"page","link":"https:\/\/skina.ro\/en\/blog\/","title":{"rendered":"BLOGS"},"content":{"rendered":"<div data-elementor-type=\"wp-page\" data-elementor-id=\"93\" class=\"elementor elementor-93\" data-elementor-post-type=\"page\">\n\t\t\t\t<div class=\"elementor-element elementor-element-2971c97 e-flex e-con-boxed e-con e-child\" data-id=\"2971c97\" data-element_type=\"container\" data-e-type=\"container\">\n\t\t\t\t\t<div class=\"e-con-inner\">\n\t\t\t\t<div class=\"elementor-element elementor-element-3f42f35 elementor-widget elementor-widget-heading\" data-id=\"3f42f35\" data-element_type=\"widget\" data-e-type=\"widget\" data-widget_type=\"heading.default\">\n\t\t\t\t<div class=\"elementor-widget-container\">\n\t\t\t\t\t<h1 class=\"elementor-heading-title elementor-size-default\">Medical Articles<\/h1>\t\t\t\t<\/div>\n\t\t\t\t<\/div>\n\t\t\t\t<div class=\"elementor-element elementor-element-a61ebb6 elementor-widget-divider--view-line elementor-widget elementor-widget-divider\" data-id=\"a61ebb6\" data-element_type=\"widget\" data-e-type=\"widget\" data-widget_type=\"divider.default\">\n\t\t\t\t<div class=\"elementor-widget-container\">\n\t\t\t\t\t\t\t<div class=\"elementor-divider\">\n\t\t\t<span class=\"elementor-divider-separator\">\n\t\t\t\t\t\t<\/span>\n\t\t<\/div>\n\t\t\t\t\t\t<\/div>\n\t\t\t\t<\/div>\n\t\t\t\t\t<\/div>\n\t\t\t\t<\/div>\n\t\t<div class=\"elementor-element elementor-element-4845fda e-flex e-con-boxed e-con e-parent\" data-id=\"4845fda\" data-element_type=\"container\" data-e-type=\"container\" data-settings=\"{&quot;background_background&quot;:&quot;classic&quot;}\">\n\t\t\t\t\t<div class=\"e-con-inner\">\n\t\t\t\t<div class=\"elementor-element elementor-element-4885b9e elementor-posts__hover-none elementor-grid-3 elementor-grid-tablet-2 elementor-grid-mobile-1 elementor-posts--thumbnail-top elementor-widget elementor-widget-posts\" data-id=\"4885b9e\" data-element_type=\"widget\" data-e-type=\"widget\" data-settings=\"{&quot;cards_row_gap&quot;:{&quot;unit&quot;:&quot;px&quot;,&quot;size&quot;:30,&quot;sizes&quot;:[]},&quot;cards_row_gap_tablet&quot;:{&quot;unit&quot;:&quot;px&quot;,&quot;size&quot;:71,&quot;sizes&quot;:[]},&quot;cards_row_gap_mobile&quot;:{&quot;unit&quot;:&quot;px&quot;,&quot;size&quot;:30,&quot;sizes&quot;:[]},&quot;cards_columns&quot;:&quot;3&quot;,&quot;cards_columns_tablet&quot;:&quot;2&quot;,&quot;cards_columns_mobile&quot;:&quot;1&quot;}\" data-widget_type=\"posts.cards\">\n\t\t\t\t<div class=\"elementor-widget-container\">\n\t\t\t\t\t\t\t<div class=\"elementor-posts-container elementor-posts elementor-posts--skin-cards elementor-grid\" role=\"list\">\n\t\t\t\t<article class=\"elementor-post elementor-grid-item post-3187 post type-post status-publish format-standard has-post-thumbnail hentry category-articol\" role=\"listitem\">\n\t\t\t<div class=\"elementor-post__card\">\n\t\t\t\t<a class=\"elementor-post__thumbnail__link\" href=\"https:\/\/skina.ro\/en\/2024\/05\/09\/ridicare-volumizare-remodelare-pometi-injectare-acid-hialuronic\/\" tabindex=\"-1\"><div class=\"elementor-post__thumbnail\"><img fetchpriority=\"high\" decoding=\"async\" width=\"768\" height=\"529\" src=\"https:\/\/skina.ro\/wp-content\/uploads\/2024\/05\/Ridicare-Volumizare-Remodelare-pometi-prin-injectare-acid-hialuronic-1-768x529.jpg\" class=\"attachment-medium_large size-medium_large wp-image-7262\" alt=\"Ridicare - Remodelare - Volumizare pome\u021bi prin injectare acid hialuronic\" srcset=\"https:\/\/skina.ro\/wp-content\/uploads\/2024\/05\/Ridicare-Volumizare-Remodelare-pometi-prin-injectare-acid-hialuronic-1-768x529.jpg 768w, https:\/\/skina.ro\/wp-content\/uploads\/2024\/05\/Ridicare-Volumizare-Remodelare-pometi-prin-injectare-acid-hialuronic-1-300x207.jpg 300w, https:\/\/skina.ro\/wp-content\/uploads\/2024\/05\/Ridicare-Volumizare-Remodelare-pometi-prin-injectare-acid-hialuronic-1.jpg 884w\" sizes=\"(max-width: 768px) 100vw, 768px\" title=\"\"><\/div><\/a>\n\t\t\t\t<div class=\"elementor-post__text\">\n\t\t\t\t<h3 class=\"elementor-post__title\">\n\t\t\t<a href=\"https:\/\/skina.ro\/en\/2024\/05\/09\/ridicare-volumizare-remodelare-pometi-injectare-acid-hialuronic\/\">\n\t\t\t\tCheekbone lifting \/ Reshaping \/ Volumisation by hyaluronic acid injection\t\t\t<\/a>\n\t\t<\/h3>\n\t\t\t\t<div class=\"elementor-post__excerpt\">\n\t\t\t<p>Treatment prices: I want an appointment Dr. Rim Trabelsi MD Founder of Skina | Specialist Physician in Dermatology \u2013 Venereology Let&#039;s be honest: time forgives no one, and<\/p>\n\t\t<\/div>\n\t\t\t\t\t<div class=\"elementor-post__read-more-wrapper\">\n\t\t\n\t\t<a class=\"elementor-post__read-more\" href=\"https:\/\/skina.ro\/en\/2024\/05\/09\/ridicare-volumizare-remodelare-pometi-injectare-acid-hialuronic\/\" aria-label=\"Read more about Cheekbone Lifting \/ Reshaping \/ Volumization by Hyaluronic Acid Injection\" tabindex=\"-1\">\n\t\t\tRead more &quot;\t\t<\/a>\n\n\t\t\t\t\t<\/div>\n\t\t\t\t<\/div>\n\t\t\t\t\t<\/div>\n\t\t<\/article>\n\t\t\t\t<article class=\"elementor-post elementor-grid-item post-2815 post type-post status-publish format-standard has-post-thumbnail hentry category-articol\" role=\"listitem\">\n\t\t\t<div class=\"elementor-post__card\">\n\t\t\t\t<a class=\"elementor-post__thumbnail__link\" href=\"https:\/\/skina.ro\/en\/2024\/04\/15\/cat-dureaza-rezultatele-injectarii-cu-acid-hialuronic\/\" tabindex=\"-1\"><div class=\"elementor-post__thumbnail\"><img decoding=\"async\" width=\"756\" height=\"681\" src=\"https:\/\/skina.ro\/wp-content\/uploads\/2024\/04\/Cat-dureaza-rezultatele-injectarii-cu-acid-hialuronic.webp\" class=\"attachment-medium_large size-medium_large wp-image-2816\" alt=\"C\u00e2t dureaz\u0103 rezultatele inject\u0103rii cu acid hialuronic\" srcset=\"https:\/\/skina.ro\/wp-content\/uploads\/2024\/04\/Cat-dureaza-rezultatele-injectarii-cu-acid-hialuronic.webp 756w, https:\/\/skina.ro\/wp-content\/uploads\/2024\/04\/Cat-dureaza-rezultatele-injectarii-cu-acid-hialuronic-300x270.webp 300w\" sizes=\"(max-width: 756px) 100vw, 756px\" title=\"\"><\/div><\/a>\n\t\t\t\t<div class=\"elementor-post__text\">\n\t\t\t\t<h3 class=\"elementor-post__title\">\n\t\t\t<a href=\"https:\/\/skina.ro\/en\/2024\/04\/15\/cat-dureaza-rezultatele-injectarii-cu-acid-hialuronic\/\">\n\t\t\t\tHow long do the results of hyaluronic acid injections last?\t\t\t<\/a>\n\t\t<\/h3>\n\t\t\t\t<div class=\"elementor-post__excerpt\">\n\t\t\t<p>Treatment prices: I want an appointment Dr. Rim Trabelsi MD Founder of Skina | Specialist Physician in Dermatology \u2013 Venereology The duration of the results of hyaluronic acid injection is on average<\/p>\n\t\t<\/div>\n\t\t\t\t\t<div class=\"elementor-post__read-more-wrapper\">\n\t\t\n\t\t<a class=\"elementor-post__read-more\" href=\"https:\/\/skina.ro\/en\/2024\/04\/15\/cat-dureaza-rezultatele-injectarii-cu-acid-hialuronic\/\" aria-label=\"Read more about How long do the results of hyaluronic acid injections last?\" tabindex=\"-1\">\n\t\t\tRead more &quot;\t\t<\/a>\n\n\t\t\t\t\t<\/div>\n\t\t\t\t<\/div>\n\t\t\t\t\t<\/div>\n\t\t<\/article>\n\t\t\t\t<article class=\"elementor-post elementor-grid-item post-2803 post type-post status-publish format-standard has-post-thumbnail hentry category-articol\" role=\"listitem\">\n\t\t\t<div class=\"elementor-post__card\">\n\t\t\t\t<a class=\"elementor-post__thumbnail__link\" href=\"https:\/\/skina.ro\/en\/2024\/04\/15\/sapte-beneficii-ale-acidului-hialuronic\/\" tabindex=\"-1\"><div class=\"elementor-post__thumbnail\"><img decoding=\"async\" width=\"690\" height=\"878\" src=\"https:\/\/skina.ro\/wp-content\/uploads\/2024\/04\/Sapte-beneficii-ale-acidului-hialuronic.webp\" class=\"attachment-medium_large size-medium_large wp-image-2804\" alt=\"\u0218apte beneficii ale acidului hialuronic\" srcset=\"https:\/\/skina.ro\/wp-content\/uploads\/2024\/04\/Sapte-beneficii-ale-acidului-hialuronic.webp 690w, https:\/\/skina.ro\/wp-content\/uploads\/2024\/04\/Sapte-beneficii-ale-acidului-hialuronic-236x300.webp 236w\" sizes=\"(max-width: 690px) 100vw, 690px\" title=\"\"><\/div><\/a>\n\t\t\t\t<div class=\"elementor-post__text\">\n\t\t\t\t<h3 class=\"elementor-post__title\">\n\t\t\t<a href=\"https:\/\/skina.ro\/en\/2024\/04\/15\/sapte-beneficii-ale-acidului-hialuronic\/\">\n\t\t\t\tSeven benefits of hyaluronic acid\t\t\t<\/a>\n\t\t<\/h3>\n\t\t\t\t<div class=\"elementor-post__excerpt\">\n\t\t\t<p>Treatment prices: I want an appointment Dr. Rim Trabelsi MD Founder of Skina | Specialist Physician in Dermatology \u2013 Venereology Benefits of hyaluronic acid intense hydration volume and filling smoothing<\/p>\n\t\t<\/div>\n\t\t\t\t\t<div class=\"elementor-post__read-more-wrapper\">\n\t\t\n\t\t<a class=\"elementor-post__read-more\" href=\"https:\/\/skina.ro\/en\/2024\/04\/15\/sapte-beneficii-ale-acidului-hialuronic\/\" aria-label=\"Read more about Seven benefits of hyaluronic acid\" tabindex=\"-1\">\n\t\t\tRead more &quot;\t\t<\/a>\n\n\t\t\t\t\t<\/div>\n\t\t\t\t<\/div>\n\t\t\t\t\t<\/div>\n\t\t<\/article>\n\t\t\t\t<article class=\"elementor-post elementor-grid-item post-2782 post type-post status-publish format-standard has-post-thumbnail hentry category-articol\" role=\"listitem\">\n\t\t\t<div class=\"elementor-post__card\">\n\t\t\t\t<a class=\"elementor-post__thumbnail__link\" href=\"https:\/\/skina.ro\/en\/2024\/04\/15\/zonele-care-pot-fi-tratate-cu-acid-hialuronic\/\" tabindex=\"-1\"><div class=\"elementor-post__thumbnail\"><img loading=\"lazy\" decoding=\"async\" width=\"768\" height=\"520\" src=\"https:\/\/skina.ro\/wp-content\/uploads\/2024\/04\/Zonele-care-pot-fi-tratate-cu-acid-hialuronic-768x520.webp\" class=\"attachment-medium_large size-medium_large wp-image-2786\" alt=\"Zonele care pot fi tratate cu acid hialuronic\" srcset=\"https:\/\/skina.ro\/wp-content\/uploads\/2024\/04\/Zonele-care-pot-fi-tratate-cu-acid-hialuronic-768x520.webp 768w, https:\/\/skina.ro\/wp-content\/uploads\/2024\/04\/Zonele-care-pot-fi-tratate-cu-acid-hialuronic-300x203.webp 300w, https:\/\/skina.ro\/wp-content\/uploads\/2024\/04\/Zonele-care-pot-fi-tratate-cu-acid-hialuronic-1024x694.webp 1024w, https:\/\/skina.ro\/wp-content\/uploads\/2024\/04\/Zonele-care-pot-fi-tratate-cu-acid-hialuronic.webp 1055w\" sizes=\"(max-width: 768px) 100vw, 768px\" title=\"\"><\/div><\/a>\n\t\t\t\t<div class=\"elementor-post__text\">\n\t\t\t\t<h3 class=\"elementor-post__title\">\n\t\t\t<a href=\"https:\/\/skina.ro\/en\/2024\/04\/15\/zonele-care-pot-fi-tratate-cu-acid-hialuronic\/\">\n\t\t\t\tAreas that can be treated with hyaluronic acid\t\t\t<\/a>\n\t\t<\/h3>\n\t\t\t\t<div class=\"elementor-post__excerpt\">\n\t\t\t<p>Treatment prices: I want an appointment Dr. Rim Trabelsi MD Founder of Skina | Specialist Physician in Dermatology \u2013 Venereology The areas most frequently treated with hyaluronic acid are<\/p>\n\t\t<\/div>\n\t\t\t\t\t<div class=\"elementor-post__read-more-wrapper\">\n\t\t\n\t\t<a class=\"elementor-post__read-more\" href=\"https:\/\/skina.ro\/en\/2024\/04\/15\/zonele-care-pot-fi-tratate-cu-acid-hialuronic\/\" aria-label=\"Read more about Areas that can be treated with hyaluronic acid\" tabindex=\"-1\">\n\t\t\tRead more &quot;\t\t<\/a>\n\n\t\t\t\t\t<\/div>\n\t\t\t\t<\/div>\n\t\t\t\t\t<\/div>\n\t\t<\/article>\n\t\t\t\t<article class=\"elementor-post elementor-grid-item post-2766 post type-post status-publish format-standard has-post-thumbnail hentry category-articol\" role=\"listitem\">\n\t\t\t<div class=\"elementor-post__card\">\n\t\t\t\t<a class=\"elementor-post__thumbnail__link\" href=\"https:\/\/skina.ro\/en\/2024\/04\/15\/procedura-de-injectare-cu-acid-hialuronic-ce-te-asteapta\/\" tabindex=\"-1\"><div class=\"elementor-post__thumbnail\"><img loading=\"lazy\" decoding=\"async\" width=\"768\" height=\"511\" src=\"https:\/\/skina.ro\/wp-content\/uploads\/2024\/04\/Procedura-de-injectare-cu-acid-hialuronic-768x511.webp\" class=\"attachment-medium_large size-medium_large wp-image-2771\" alt=\"Procedura de injectare cu acid hialuronic\" srcset=\"https:\/\/skina.ro\/wp-content\/uploads\/2024\/04\/Procedura-de-injectare-cu-acid-hialuronic-768x511.webp 768w, https:\/\/skina.ro\/wp-content\/uploads\/2024\/04\/Procedura-de-injectare-cu-acid-hialuronic-300x200.webp 300w, https:\/\/skina.ro\/wp-content\/uploads\/2024\/04\/Procedura-de-injectare-cu-acid-hialuronic.webp 1006w\" sizes=\"(max-width: 768px) 100vw, 768px\" title=\"\"><\/div><\/a>\n\t\t\t\t<div class=\"elementor-post__text\">\n\t\t\t\t<h3 class=\"elementor-post__title\">\n\t\t\t<a href=\"https:\/\/skina.ro\/en\/2024\/04\/15\/procedura-de-injectare-cu-acid-hialuronic-ce-te-asteapta\/\">\n\t\t\t\tHyaluronic acid injection procedure: What awaits you?\t\t\t<\/a>\n\t\t<\/h3>\n\t\t\t\t<div class=\"elementor-post__excerpt\">\n\t\t\t<p>Treatment prices: I want an appointment Dr. Rim Trabelsi MD Founder Skina | Specialist Physician Dermatology \u2013 Venereology The hyaluronic acid injection procedure is a procedure<\/p>\n\t\t<\/div>\n\t\t\t\t\t<div class=\"elementor-post__read-more-wrapper\">\n\t\t\n\t\t<a class=\"elementor-post__read-more\" href=\"https:\/\/skina.ro\/en\/2024\/04\/15\/procedura-de-injectare-cu-acid-hialuronic-ce-te-asteapta\/\" aria-label=\"Read more about Hyaluronic acid injection procedure: What awaits you?\" tabindex=\"-1\">\n\t\t\tRead more &quot;\t\t<\/a>\n\n\t\t\t\t\t<\/div>\n\t\t\t\t<\/div>\n\t\t\t\t\t<\/div>\n\t\t<\/article>\n\t\t\t\t<article class=\"elementor-post elementor-grid-item post-2749 post type-post status-publish format-standard has-post-thumbnail hentry category-articol\" role=\"listitem\">\n\t\t\t<div class=\"elementor-post__card\">\n\t\t\t\t<a class=\"elementor-post__thumbnail__link\" href=\"https:\/\/skina.ro\/en\/2024\/04\/15\/scapati-de-riduri-si-cearcane-cu-ajutorul-injectarii-cu-acid-hialuronic\/\" tabindex=\"-1\"><div class=\"elementor-post__thumbnail\"><img loading=\"lazy\" decoding=\"async\" width=\"768\" height=\"709\" src=\"https:\/\/skina.ro\/wp-content\/uploads\/2024\/04\/Captura-de-ecran-2024-04-15-194217-768x709.webp\" class=\"attachment-medium_large size-medium_large wp-image-2753\" alt=\"injectare acid hialuronic cearcane\/riduri\" srcset=\"https:\/\/skina.ro\/wp-content\/uploads\/2024\/04\/Captura-de-ecran-2024-04-15-194217-768x709.webp 768w, https:\/\/skina.ro\/wp-content\/uploads\/2024\/04\/Captura-de-ecran-2024-04-15-194217-300x277.webp 300w, https:\/\/skina.ro\/wp-content\/uploads\/2024\/04\/Captura-de-ecran-2024-04-15-194217.webp 919w\" sizes=\"(max-width: 768px) 100vw, 768px\" title=\"\"><\/div><\/a>\n\t\t\t\t<div class=\"elementor-post__text\">\n\t\t\t\t<h3 class=\"elementor-post__title\">\n\t\t\t<a href=\"https:\/\/skina.ro\/en\/2024\/04\/15\/scapati-de-riduri-si-cearcane-cu-ajutorul-injectarii-cu-acid-hialuronic\/\">\n\t\t\t\tGet rid of wrinkles and dark circles with hyaluronic acid injections\t\t\t<\/a>\n\t\t<\/h3>\n\t\t\t\t<div class=\"elementor-post__excerpt\">\n\t\t\t<p>Treatment prices: I want an appointment Dr. Rim Trabelsi MD Founder Skina | Specialist Physician Dermatology \u2013 Venereology Wrinkles and dark circles are visible signs of aging that<\/p>\n\t\t<\/div>\n\t\t\t\t\t<div class=\"elementor-post__read-more-wrapper\">\n\t\t\n\t\t<a class=\"elementor-post__read-more\" href=\"https:\/\/skina.ro\/en\/2024\/04\/15\/scapati-de-riduri-si-cearcane-cu-ajutorul-injectarii-cu-acid-hialuronic\/\" aria-label=\"Read more about Get rid of wrinkles and dark circles with hyaluronic acid injections\" tabindex=\"-1\">\n\t\t\tRead more &quot;\t\t<\/a>\n\n\t\t\t\t\t<\/div>\n\t\t\t\t<\/div>\n\t\t\t\t\t<\/div>\n\t\t<\/article>\n\t\t\t\t<\/div>\n\t\t\n\t\t\t\t\t\t<\/div>\n\t\t\t\t<\/div>\n\t\t\t\t\t<\/div>\n\t\t\t\t<\/div>\n\t\t\t\t<\/div>","protected":false},"excerpt":{"rendered":"<p>Medical Articles<\/p>","protected":false},"author":1,"featured_media":0,"parent":0,"menu_order":0,"comment_status":"closed","ping_status":"closed","template":"","meta":{"_joinchat":[],"footnotes":""},"class_list":["post-93","page","type-page","status-publish","hentry"],"_links":{"self":[{"href":"https:\/\/skina.ro\/en\/wp-json\/wp\/v2\/pages\/93","targetHints":{"allow":["GET"]}}],"collection":[{"href":"https:\/\/skina.ro\/en\/wp-json\/wp\/v2\/pages"}],"about":[{"href":"https:\/\/skina.ro\/en\/wp-json\/wp\/v2\/types\/page"}],"author":[{"embeddable":true,"href":"https:\/\/skina.ro\/en\/wp-json\/wp\/v2\/users\/1"}],"replies":[{"embeddable":true,"href":"https:\/\/skina.ro\/en\/wp-json\/wp\/v2\/comments?post=93"}],"version-history":[{"count":64,"href":"https:\/\/skina.ro\/en\/wp-json\/wp\/v2\/pages\/93\/revisions"}],"predecessor-version":[{"id":7271,"href":"https:\/\/skina.ro\/en\/wp-json\/wp\/v2\/pages\/93\/revisions\/7271"}],"wp:attachment":[{"href":"https:\/\/skina.ro\/en\/wp-json\/wp\/v2\/media?parent=93"}],"curies":[{"name":"wp","href":"https:\/\/api.w.org\/{rel}","templated":true}]}}