{"id":3519,"date":"2024-06-12T17:08:23","date_gmt":"2024-06-12T17:08:23","guid":{"rendered":"https:\/\/skina.ro\/?page_id=3519"},"modified":"2026-01-14T10:03:20","modified_gmt":"2026-01-14T08:03:20","slug":"lipoliza-abdominala-barbati","status":"publish","type":"page","link":"https:\/\/skina.ro\/en\/tratamente-barbati-skina-men\/lipoliza-abdominala-barbati\/","title":{"rendered":"Abdominal lipolysis for men"},"content":{"rendered":"<div data-elementor-type=\"wp-page\" data-elementor-id=\"3519\" class=\"elementor elementor-3519\" data-elementor-post-type=\"page\">\n\t\t\t\t<div class=\"elementor-element elementor-element-55a149c e-flex e-con-boxed e-con e-child\" data-id=\"55a149c\" data-element_type=\"container\" data-e-type=\"container\">\n\t\t\t\t\t<div class=\"e-con-inner\">\n\t\t\t\t<div class=\"elementor-element elementor-element-15933e3 elementor-widget elementor-widget-heading\" data-id=\"15933e3\" data-element_type=\"widget\" data-e-type=\"widget\" data-widget_type=\"heading.default\">\n\t\t\t\t<div class=\"elementor-widget-container\">\n\t\t\t\t\t<h1 class=\"elementor-heading-title elementor-size-default\">Abdominal lipolysis for men<\/h1>\t\t\t\t<\/div>\n\t\t\t\t<\/div>\n\t\t\t\t<div class=\"elementor-element elementor-element-185ecab elementor-widget-divider--view-line elementor-widget elementor-widget-divider\" data-id=\"185ecab\" data-element_type=\"widget\" data-e-type=\"widget\" data-widget_type=\"divider.default\">\n\t\t\t\t<div class=\"elementor-widget-container\">\n\t\t\t\t\t\t\t<div class=\"elementor-divider\">\n\t\t\t<span class=\"elementor-divider-separator\">\n\t\t\t\t\t\t<\/span>\n\t\t<\/div>\n\t\t\t\t\t\t<\/div>\n\t\t\t\t<\/div>\n\t\t\t\t\t<\/div>\n\t\t\t\t<\/div>\n\t\t<div class=\"elementor-element elementor-element-bd0c0db e-flex e-con-boxed e-con e-parent\" data-id=\"bd0c0db\" data-element_type=\"container\" data-e-type=\"container\">\n\t\t\t\t\t<div class=\"e-con-inner\">\n\t\t<div class=\"elementor-element elementor-element-cf6e401 e-con-full e-flex e-con e-child\" data-id=\"cf6e401\" data-element_type=\"container\" data-e-type=\"container\">\n\t\t\t\t<div class=\"elementor-element elementor-element-afb24fb elementor-widget elementor-widget-heading\" data-id=\"afb24fb\" data-element_type=\"widget\" data-e-type=\"widget\" data-widget_type=\"heading.default\">\n\t\t\t\t<div class=\"elementor-widget-container\">\n\t\t\t\t\t<h2 class=\"elementor-heading-title elementor-size-default\">Do you want to melt belly fat? Use injectable lipolysis<\/h2>\t\t\t\t<\/div>\n\t\t\t\t<\/div>\n\t\t\t\t<div class=\"elementor-element elementor-element-4113964 elementor-widget-divider--view-line elementor-widget elementor-widget-divider\" data-id=\"4113964\" data-element_type=\"widget\" data-e-type=\"widget\" data-widget_type=\"divider.default\">\n\t\t\t\t<div class=\"elementor-widget-container\">\n\t\t\t\t\t\t\t<div class=\"elementor-divider\">\n\t\t\t<span class=\"elementor-divider-separator\">\n\t\t\t\t\t\t<\/span>\n\t\t<\/div>\n\t\t\t\t\t\t<\/div>\n\t\t\t\t<\/div>\n\t\t\t\t<div class=\"elementor-element elementor-element-989160e elementor-widget elementor-widget-text-editor\" data-id=\"989160e\" data-element_type=\"widget\" data-e-type=\"widget\" data-widget_type=\"text-editor.default\">\n\t\t\t\t<div class=\"elementor-widget-container\">\n\t\t\t\t\t\t\t\t\t<p><strong>Alpha Shape<\/strong><\/p><p><strong>Dissolving Abdominal Fat -<\/strong> Premium Service at Skina Clinic<\/p><p>At Skina Clinic, we pride ourselves on introducing a cutting-edge treatment for contouring<br \/>male silhouette \u2013 Abdominal Lipolysis.<\/p><p>This advanced medical procedure is specifically designed to address and reduce localized fat deposits, helping you achieve the toned abdominal appearance you desire.<\/p><h5><strong>What is the Abdominal Lipolysis?<\/strong><\/h5><p>The abdominal lipolysis, also known as \"fat dissolve\", is a minimally invasive method of eliminating fat through injections containing lipolytic substances.<\/p><p>These substances break down fat cells, which are then naturally eliminated by the body.<\/p>\t\t\t\t\t\t\t\t<\/div>\n\t\t\t\t<\/div>\n\t\t\t\t<div class=\"elementor-element elementor-element-5e71dfb elementor-widget elementor-widget-image\" data-id=\"5e71dfb\" data-element_type=\"widget\" data-e-type=\"widget\" data-widget_type=\"image.default\">\n\t\t\t\t<div class=\"elementor-widget-container\">\n\t\t\t\t\t\t\t\t\t\t\t\t\t\t\t<img fetchpriority=\"high\" decoding=\"async\" width=\"800\" height=\"470\" src=\"https:\/\/skina.ro\/wp-content\/uploads\/2024\/06\/Alpha-shape-ip-e1718607906562-1024x602.jpg\" class=\"attachment-large size-large wp-image-3674\" alt=\"\" srcset=\"https:\/\/skina.ro\/wp-content\/uploads\/2024\/06\/Alpha-shape-ip-e1718607906562-1024x602.jpg 1024w, https:\/\/skina.ro\/wp-content\/uploads\/2024\/06\/Alpha-shape-ip-e1718607906562-300x176.jpg 300w, https:\/\/skina.ro\/wp-content\/uploads\/2024\/06\/Alpha-shape-ip-e1718607906562-768x451.jpg 768w, https:\/\/skina.ro\/wp-content\/uploads\/2024\/06\/Alpha-shape-ip-e1718607906562.jpg 1269w\" sizes=\"(max-width: 800px) 100vw, 800px\" title=\"\">\t\t\t\t\t\t\t\t\t\t\t\t\t\t\t<\/div>\n\t\t\t\t<\/div>\n\t\t\t\t<div class=\"elementor-element elementor-element-137965b elementor-widget elementor-widget-text-editor\" data-id=\"137965b\" data-element_type=\"widget\" data-e-type=\"widget\" data-widget_type=\"text-editor.default\">\n\t\t\t\t<div class=\"elementor-widget-container\">\n\t\t\t\t\t\t\t\t\t<div>\n<h5><strong>Benefits of Abdominal Lipolysis for Men:<\/strong><\/h5>\n<div><strong>Precise targeting:<\/strong> Allows for specific targeting of fat deposits resistant to diet and exercise.<\/div>\n<div><strong>Non-surgical procedure:<\/strong> An alternative to liposuction, without the need for long recovery time.<\/div>\n<div><strong>Visible results:<\/strong> Significant reduction in abdominal fat, with improvement<\/div>\n<div>the contour of the body.<\/div>\n<p><\/p>\n<h5><strong>Our process:<\/strong><\/h5>\n<ul>\n<li><strong>Initial Evaluation:<\/strong> We evaluate your medical history and aesthetic goals to ensure that lipolysis is the right treatment for you.<\/li>\n<li><strong>Personalized Treatment:<\/strong> Each treatment plan is personalized to suit your body&#039;s specific needs.<\/li>\n<li><strong>Medical Expertise:<\/strong> The procedure is performed by our medical aesthetic specialists, ensuring high standards of safety and quality.<\/li>\n<\/ul>\n<div>At Skina Clinic, we offer the most innovative and effective solutions for body shaping. We invite men who want to improve their abdominal appearance to discover our lipolysis treatment and enjoy the transformative results.<\/div>\n<p><\/p>\n<div>For a flatter and more defined abdomen, choose Abdominal Lipolysis offered by Skina Clinic \u2013 your partner in advanced medical aesthetics.<\/div>\n<\/div>\t\t\t\t\t\t\t\t<\/div>\n\t\t\t\t<\/div>\n\t\t<div class=\"elementor-element elementor-element-1bc3438 e-flex e-con-boxed e-con e-child\" data-id=\"1bc3438\" data-element_type=\"container\" data-e-type=\"container\">\n\t\t\t\t\t<div class=\"e-con-inner\">\n\t\t\t\t<div class=\"elementor-element elementor-element-f094ace elementor-mobile-align-justify elementor-widget-mobile__width-inherit elementor-invisible elementor-widget elementor-widget-button\" data-id=\"f094ace\" data-element_type=\"widget\" data-e-type=\"widget\" data-settings=\"{&quot;_animation&quot;:&quot;fadeInUp&quot;}\" data-widget_type=\"button.default\">\n\t\t\t\t<div class=\"elementor-widget-container\">\n\t\t\t\t\t\t\t\t\t<div class=\"elementor-button-wrapper\">\n\t\t\t\t\t<a class=\"elementor-button elementor-button-link elementor-size-xl\" href=\"tel:0310051471\">\n\t\t\t\t\t\t<span class=\"elementor-button-content-wrapper\">\n\t\t\t\t\t\t<span class=\"elementor-button-icon\">\n\t\t\t\t<svg aria-hidden=\"true\" class=\"e-font-icon-svg e-fas-phone-alt\" viewbox=\"0 0 512 512\" xmlns=\"http:\/\/www.w3.org\/2000\/svg\"><path d=\"M497.39 361.8l-112-48a24 24 0 0 0-28 6.9l-49.6 60.6A370.66 370.66 0 0 1 130.6 204.11l60.6-49.6a23.94 23.94 0 0 0 6.9-28l-48-112A24.16 24.16 0 0 0 122.6.61l-104 24A24 24 0 0 0 0 48c0 256.5 207.9 464 464 464a24 24 0 0 0 23.4-18.6l24-104a24.29 24.29 0 0 0-14.01-27.6z\"><\/path><\/svg>\t\t\t<\/span>\n\t\t\t\t\t\t\t\t\t<span class=\"elementor-button-text\">I want an appointment<\/span>\n\t\t\t\t\t<\/span>\n\t\t\t\t\t<\/a>\n\t\t\t\t<\/div>\n\t\t\t\t\t\t\t\t<\/div>\n\t\t\t\t<\/div>\n\t\t\t\t<div class=\"elementor-element elementor-element-35cea5b animated-slow elementor-mobile-align-justify elementor-widget-mobile__width-inherit elementor-invisible elementor-widget elementor-widget-button\" data-id=\"35cea5b\" data-element_type=\"widget\" data-e-type=\"widget\" data-settings=\"{&quot;_animation&quot;:&quot;fadeInUp&quot;}\" data-widget_type=\"button.default\">\n\t\t\t\t<div class=\"elementor-widget-container\">\n\t\t\t\t\t\t\t\t\t<div class=\"elementor-button-wrapper\">\n\t\t\t\t\t<a class=\"elementor-button elementor-button-link elementor-size-xl\" href=\"\/en\/preturi\/#mezoterapie\">\n\t\t\t\t\t\t<span class=\"elementor-button-content-wrapper\">\n\t\t\t\t\t\t\t\t\t<span class=\"elementor-button-text\">Price list<\/span>\n\t\t\t\t\t<\/span>\n\t\t\t\t\t<\/a>\n\t\t\t\t<\/div>\n\t\t\t\t\t\t\t\t<\/div>\n\t\t\t\t<\/div>\n\t\t\t\t\t<\/div>\n\t\t\t\t<\/div>\n\t\t\t\t<\/div>\n\t\t<div class=\"elementor-element elementor-element-887e709 e-con-full e-flex elementor-invisible e-con e-child\" data-id=\"887e709\" data-element_type=\"container\" data-e-type=\"container\" data-settings=\"{&quot;animation&quot;:&quot;fadeInUp&quot;}\">\n\t\t<div class=\"elementor-element elementor-element-ea3196a e-flex e-con-boxed e-con e-child\" data-id=\"ea3196a\" data-element_type=\"container\" data-e-type=\"container\" data-settings=\"{&quot;background_background&quot;:&quot;classic&quot;,&quot;animation&quot;:&quot;none&quot;}\">\n\t\t\t\t\t<div class=\"e-con-inner\">\n\t\t\t\t\t<\/div>\n\t\t\t\t<\/div>\n\t\t<div class=\"elementor-element elementor-element-905f69e e-flex e-con-boxed e-con e-child\" data-id=\"905f69e\" data-element_type=\"container\" data-e-type=\"container\" data-settings=\"{&quot;background_background&quot;:&quot;classic&quot;,&quot;animation&quot;:&quot;none&quot;}\">\n\t\t\t\t\t<div class=\"e-con-inner\">\n\t\t\t\t<div class=\"elementor-element elementor-element-1da75ac elementor-widget elementor-widget-heading\" data-id=\"1da75ac\" data-element_type=\"widget\" data-e-type=\"widget\" data-widget_type=\"heading.default\">\n\t\t\t\t<div class=\"elementor-widget-container\">\n\t\t\t\t\t<div class=\"elementor-heading-title elementor-size-default\">ABDOMINAL lipolysis:<\/div>\t\t\t\t<\/div>\n\t\t\t\t<\/div>\n\t\t\t\t<div class=\"elementor-element elementor-element-f8ba8ce elementor-widget elementor-widget-heading\" data-id=\"f8ba8ce\" data-element_type=\"widget\" data-e-type=\"widget\" data-widget_type=\"heading.default\">\n\t\t\t\t<div class=\"elementor-widget-container\">\n\t\t\t\t\t<h3 class=\"elementor-heading-title elementor-size-default\">Key Information<\/h3>\t\t\t\t<\/div>\n\t\t\t\t<\/div>\n\t\t\t\t<div class=\"elementor-element elementor-element-0ad4b1d elementor-widget-divider--view-line elementor-widget elementor-widget-divider\" data-id=\"0ad4b1d\" data-element_type=\"widget\" data-e-type=\"widget\" data-widget_type=\"divider.default\">\n\t\t\t\t<div class=\"elementor-widget-container\">\n\t\t\t\t\t\t\t<div class=\"elementor-divider\">\n\t\t\t<span class=\"elementor-divider-separator\">\n\t\t\t\t\t\t<\/span>\n\t\t<\/div>\n\t\t\t\t\t\t<\/div>\n\t\t\t\t<\/div>\n\t\t\t\t<div class=\"elementor-element elementor-element-c7c7fe6 elementor-icon-list--layout-traditional elementor-list-item-link-full_width elementor-widget elementor-widget-icon-list\" data-id=\"c7c7fe6\" data-element_type=\"widget\" data-e-type=\"widget\" data-widget_type=\"icon-list.default\">\n\t\t\t\t<div class=\"elementor-widget-container\">\n\t\t\t\t\t\t\t<ul class=\"elementor-icon-list-items\">\n\t\t\t\t\t\t\t<li class=\"elementor-icon-list-item\">\n\t\t\t\t\t\t\t\t\t\t\t<span class=\"elementor-icon-list-icon\">\n\t\t\t\t\t\t\t<svg aria-hidden=\"true\" class=\"e-font-icon-svg e-fas-exclamation-circle\" viewbox=\"0 0 512 512\" xmlns=\"http:\/\/www.w3.org\/2000\/svg\"><path d=\"M504 256c0 136.997-111.043 248-248 248S8 392.997 8 256C8 119.083 119.043 8 256 8s248 111.083 248 248zm-248 50c-25.405 0-46 20.595-46 46s20.595 46 46 46 46-20.595 46-46-20.595-46-46-46zm-43.673-165.346l7.418 136c.347 6.364 5.609 11.346 11.982 11.346h48.546c6.373 0 11.635-4.982 11.982-11.346l7.418-136c.375-6.874-5.098-12.654-11.982-12.654h-63.383c-6.884 0-12.356 5.78-11.981 12.654z\"><\/path><\/svg>\t\t\t\t\t\t<\/span>\n\t\t\t\t\t\t\t\t\t\t<span class=\"elementor-icon-list-text\"><b>Lipolytic substances<\/b> attack abdominal fat, sculpting the masculine silhouette.<\/span>\n\t\t\t\t\t\t\t\t\t<\/li>\n\t\t\t\t\t\t\t\t<li class=\"elementor-icon-list-item\">\n\t\t\t\t\t\t\t\t\t\t\t<span class=\"elementor-icon-list-icon\">\n\t\t\t\t\t\t\t<svg aria-hidden=\"true\" class=\"e-font-icon-svg e-far-heart\" viewbox=\"0 0 512 512\" xmlns=\"http:\/\/www.w3.org\/2000\/svg\"><path d=\"M458.4 64.3C400.6 15.7 311.3 23 256 79.3 200.7 23 111.4 15.6 53.6 64.3-21.6 127.6-10.6 230.8 43 285.5l175.4 178.7c10 10.2 23.4 15.9 37.6 15.9 14.3 0 27.6-5.6 37.6-15.8L469 285.6c53.5-54.7 64.7-157.9-10.6-221.3zm-23.6 187.5L259.4 430.5c-2.4 2.4-4.4 2.4-6.8 0L77.2 251.8c-36.5-37.2-43.9-107.6 7.3-150.7 38.9-32.7 98.9-27.8 136.5 10.5l35 35.7 35-35.7c37.8-38.5 97.8-43.2 136.5-10.6 51.1 43.1 43.5 113.9 7.3 150.8z\"><\/path><\/svg>\t\t\t\t\t\t<\/span>\n\t\t\t\t\t\t\t\t\t\t<span class=\"elementor-icon-list-text\">The intervention is <b>minimally invasive<\/b>, minimal discomfort, lasting results. Schedule an appointment today!<\/span>\n\t\t\t\t\t\t\t\t\t<\/li>\n\t\t\t\t\t\t<\/ul>\n\t\t\t\t\t\t<\/div>\n\t\t\t\t<\/div>\n\t\t\t\t\t<\/div>\n\t\t\t\t<\/div>\n\t\t\t\t<\/div>\n\t\t\t\t\t<\/div>\n\t\t\t\t<\/div>\n\t\t\t\t<\/div>","protected":false},"excerpt":{"rendered":"<p>Lipoliz\u0103 abdomen b\u0103rba\u021bi Vre\u021bi topirea gr\u0103similor abdominale? Folosi\u021bi lipoliza injectabil\u0103 Alpha Shape Dizolvarea Adipozit\u0103\u021bilor Abdominale: Serviciul Premium la Clinica Skina La Clinica Skina, ne m\u00e2ndrim cu introducerea unui tratament de v\u00e2rf pentru conturareasiluetei masculine &#8211; Lipoliza Abdominal\u0103. Acest procedeu medical avansat este conceput\u00a0special pentru a aborda \u0219i reduce depozitele de gr\u0103sime localizate, ajut\u00e2ndu-v\u0103 s\u0103 atinge\u021bi\u00a0aspectul [&hellip;]<\/p>\n","protected":false},"author":1,"featured_media":0,"parent":3365,"menu_order":0,"comment_status":"closed","ping_status":"closed","template":"","meta":{"_joinchat":[],"footnotes":""},"class_list":["post-3519","page","type-page","status-publish","hentry"],"_links":{"self":[{"href":"https:\/\/skina.ro\/en\/wp-json\/wp\/v2\/pages\/3519","targetHints":{"allow":["GET"]}}],"collection":[{"href":"https:\/\/skina.ro\/en\/wp-json\/wp\/v2\/pages"}],"about":[{"href":"https:\/\/skina.ro\/en\/wp-json\/wp\/v2\/types\/page"}],"author":[{"embeddable":true,"href":"https:\/\/skina.ro\/en\/wp-json\/wp\/v2\/users\/1"}],"replies":[{"embeddable":true,"href":"https:\/\/skina.ro\/en\/wp-json\/wp\/v2\/comments?post=3519"}],"version-history":[{"count":56,"href":"https:\/\/skina.ro\/en\/wp-json\/wp\/v2\/pages\/3519\/revisions"}],"predecessor-version":[{"id":10224,"href":"https:\/\/skina.ro\/en\/wp-json\/wp\/v2\/pages\/3519\/revisions\/10224"}],"up":[{"embeddable":true,"href":"https:\/\/skina.ro\/en\/wp-json\/wp\/v2\/pages\/3365"}],"wp:attachment":[{"href":"https:\/\/skina.ro\/en\/wp-json\/wp\/v2\/media?parent=3519"}],"curies":[{"name":"wp","href":"https:\/\/api.w.org\/{rel}","templated":true}]}}